{"id":4694,"date":"2019-12-12T19:58:56","date_gmt":"2019-12-12T19:58:56","guid":{"rendered":"http:\/\/worldntdday.org\/?page_id=4694"},"modified":"2020-01-03T15:35:24","modified_gmt":"2020-01-03T15:35:24","slug":"news","status":"publish","type":"page","link":"https:\/\/worldntdday.org\/fr\/news\/","title":{"rendered":"Nouvelles"},"content":{"rendered":"<div data-elementor-type=\"wp-page\" data-elementor-id=\"4694\" class=\"elementor elementor-4694\">\n\t\t\t\t\t\t<section class=\"elementor-section elementor-top-section elementor-element elementor-element-5435834 elementor-section-boxed elementor-section-height-default elementor-section-height-default\" data-id=\"5435834\" data-element_type=\"section\">\n\t\t\t\t\t\t<div class=\"elementor-container elementor-column-gap-default\">\n\t\t\t\t\t<div class=\"elementor-column elementor-col-100 elementor-top-column elementor-element elementor-element-61468cf\" data-id=\"61468cf\" data-element_type=\"column\">\n\t\t\t<div class=\"elementor-widget-wrap elementor-element-populated\">\n\t\t\t\t\t\t<div class=\"elementor-element elementor-element-72c2efe elementor-widget elementor-widget-heading\" data-id=\"72c2efe\" data-element_type=\"widget\" data-widget_type=\"heading.default\">\n\t\t\t\t<div class=\"elementor-widget-container\">\n\t\t\t\t\t<h1 class=\"elementor-heading-title elementor-size-default\">Nouvelles<\/h1>\t\t\t\t<\/div>\n\t\t\t\t<\/div>\n\t\t\t\t\t<\/div>\n\t\t<\/div>\n\t\t\t\t\t<\/div>\n\t\t<\/section>\n\t\t\t\t<section class=\"elementor-section elementor-top-section elementor-element elementor-element-1bb8c16 elementor-section-boxed elementor-section-height-default elementor-section-height-default\" data-id=\"1bb8c16\" data-element_type=\"section\">\n\t\t\t\t\t\t<div class=\"elementor-container elementor-column-gap-default\">\n\t\t\t\t\t<div class=\"elementor-column elementor-col-100 elementor-top-column elementor-element elementor-element-c67473b\" data-id=\"c67473b\" data-element_type=\"column\">\n\t\t\t<div class=\"elementor-widget-wrap elementor-element-populated\">\n\t\t\t\t\t\t<div class=\"elementor-element elementor-element-85132eb elementor-widget elementor-widget-text-editor\" data-id=\"85132eb\" data-element_type=\"widget\" data-widget_type=\"text-editor.default\">\n\t\t\t\t<div class=\"elementor-widget-container\">\n\t\t\t\t\t\t\t\t\t<p><em>La toute premi\u00e8re Journ\u00e9e mondiale contre les MTN a \u00e9t\u00e9 annonc\u00e9e par le Prince h\u00e9ritier du tribunal d&#039;Abu Dhabi lors du Forum Reaching the Last Mile 2019. \u00abCette journ\u00e9e sp\u00e9ciale galvanisera les d\u00e9fenseurs de la communaut\u00e9 des MTN, sensibilisera et appellera notre communaut\u00e9 \u00e0 l&#039;action pour soutenir les pays o\u00f9 les MTN persistent\u00bb, a d\u00e9clar\u00e9 Reem Al Hashimi, ministre d&#039;\u00c9tat \u00e0 la Coop\u00e9ration internationale.<\/em><\/p>\t\t\t\t\t\t\t\t<\/div>\n\t\t\t\t<\/div>\n\t\t\t\t\t<\/div>\n\t\t<\/div>\n\t\t\t\t\t<\/div>\n\t\t<\/section>\n\t\t\t\t<section class=\"elementor-section elementor-top-section elementor-element elementor-element-fbdb2c0 elementor-section-boxed elementor-section-height-default elementor-section-height-default\" data-id=\"fbdb2c0\" data-element_type=\"section\">\n\t\t\t\t\t\t<div class=\"elementor-container elementor-column-gap-default\">\n\t\t\t\t\t<div class=\"elementor-column elementor-col-50 elementor-top-column elementor-element elementor-element-5453b3b\" data-id=\"5453b3b\" data-element_type=\"column\">\n\t\t\t<div class=\"elementor-widget-wrap elementor-element-populated\">\n\t\t\t\t\t\t<div class=\"elementor-element elementor-element-e98c719 elementor-widget elementor-widget-image\" data-id=\"e98c719\" data-element_type=\"widget\" data-widget_type=\"image.default\">\n\t\t\t\t<div class=\"elementor-widget-container\">\n\t\t\t\t\t\t\t\t\t\t\t\t\t\t\t<img fetchpriority=\"high\" decoding=\"async\" width=\"1024\" height=\"662\" src=\"https:\/\/worldntdday.org\/wp-content\/uploads\/2019\/12\/Partner-Logos-Announcement.jpg\" class=\"attachment-full size-full wp-image-4701\" alt=\"\" srcset=\"https:\/\/worldntdday.org\/wp-content\/uploads\/2019\/12\/Partner-Logos-Announcement.jpg 1024w, https:\/\/worldntdday.org\/wp-content\/uploads\/2019\/12\/Partner-Logos-Announcement-300x194.jpg 300w, https:\/\/worldntdday.org\/wp-content\/uploads\/2019\/12\/Partner-Logos-Announcement-768x497.jpg 768w\" sizes=\"(max-width: 1024px) 100vw, 1024px\" \/>\t\t\t\t\t\t\t\t\t\t\t\t\t\t\t<\/div>\n\t\t\t\t<\/div>\n\t\t\t\t\t<\/div>\n\t\t<\/div>\n\t\t\t\t<div class=\"elementor-column elementor-col-50 elementor-top-column elementor-element elementor-element-ffd26e5\" data-id=\"ffd26e5\" data-element_type=\"column\">\n\t\t\t<div class=\"elementor-widget-wrap elementor-element-populated\">\n\t\t\t\t\t\t<div class=\"elementor-element elementor-element-5a96cb3 elementor-widget elementor-widget-text-editor\" data-id=\"5a96cb3\" data-element_type=\"widget\" data-widget_type=\"text-editor.default\">\n\t\t\t\t<div class=\"elementor-widget-container\">\n\t\t\t\t\t\t\t\t\t<h2>Atteindre le dernier kilom\u00e8tre: la premi\u00e8re journ\u00e9e mondiale des maladies tropicales met en lumi\u00e8re le sort de millions de personnes souffrant<\/h2><p><em>Par <a href=\"https:\/\/www.thenational.ae\/topics\/Author\/Daniel%20Sanderson\" title=\"Daniel Sanderson\" target=\"_blank\" rel=\"noreferrer nofollow noopener\"> Daniel Sanderson<\/a>, Le National<\/em><\/p><p><em>19 novembre 2019<\/em><\/p><p><em>Lire l&#039;article original <a href=\"https:\/\/www.thenational.ae\/uae\/health\/reaching-the-last-mile-first-world-tropical-diseases-day-to-highlight-plight-of-millions-suffering-1.939414\" target=\"_blank\" rel=\"noreferrer nofollow noopener\"> ici<\/a><\/em><\/p>\t\t\t\t\t\t\t\t<\/div>\n\t\t\t\t<\/div>\n\t\t\t\t\t<\/div>\n\t\t<\/div>\n\t\t\t\t\t<\/div>\n\t\t<\/section>\n\t\t\t\t<section class=\"elementor-section elementor-top-section elementor-element elementor-element-9dacfcc elementor-section-boxed elementor-section-height-default elementor-section-height-default\" data-id=\"9dacfcc\" data-element_type=\"section\">\n\t\t\t\t\t\t<div class=\"elementor-container elementor-column-gap-default\">\n\t\t\t\t\t<div class=\"elementor-column elementor-col-100 elementor-top-column elementor-element elementor-element-053520a\" data-id=\"053520a\" data-element_type=\"column\">\n\t\t\t<div class=\"elementor-widget-wrap elementor-element-populated\">\n\t\t\t\t\t\t<div class=\"elementor-element elementor-element-6615bc3 elementor-widget-divider--view-line elementor-widget elementor-widget-divider\" data-id=\"6615bc3\" data-element_type=\"widget\" data-widget_type=\"divider.default\">\n\t\t\t\t<div class=\"elementor-widget-container\">\n\t\t\t\t\t\t\t<div class=\"elementor-divider\">\n\t\t\t<span class=\"elementor-divider-separator\">\n\t\t\t\t\t\t<\/span>\n\t\t<\/div>\n\t\t\t\t\t\t<\/div>\n\t\t\t\t<\/div>\n\t\t\t\t<div class=\"elementor-element elementor-element-f4ab8bc elementor-widget elementor-widget-text-editor\" data-id=\"f4ab8bc\" data-element_type=\"widget\" data-widget_type=\"text-editor.default\">\n\t\t\t\t<div class=\"elementor-widget-container\">\n\t\t\t\t\t\t\t\t\t<p>Le 30 janvier mettra en lumi\u00e8re des maladies invalidantes telles que la c\u00e9cit\u00e9 des rivi\u00e8res, le ver de Guin\u00e9e et le trachome.<\/p><p>La premi\u00e8re Journ\u00e9e mondiale des maladies tropicales n\u00e9glig\u00e9es aura lieu en janvier, a-t-elle \u00e9t\u00e9 annonc\u00e9e mardi.<\/p><p>Reem Al Hashimi, ministre d&#039;\u00c9tat \u00e0 la Coop\u00e9ration internationale, a d\u00e9clar\u00e9 que l&#039;initiative visait \u00e0 galvaniser les efforts pour lutter contre de telles conditions, notamment la c\u00e9cit\u00e9 des rivi\u00e8res, le ver de Guin\u00e9e et le trachome, et qu&#039;elle affecterait principalement les communaut\u00e9s les plus pauvres du monde.<\/p><p>La Journ\u00e9e mondiale des maladies tropicales n\u00e9glig\u00e9es aura lieu le 30 janvier de l&#039;ann\u00e9e prochaine, a annonc\u00e9 Mme Al Hashimi, lors de la <a href=\"http:\/\/www.thenational.ae\/uae\/health\/reaching-the-last-mile-renewed-fight-against-some-of-the-world-s-worst-diseases-comes-to-abu-dhabi-1.939044\">Atteindre le dernier kilom\u00e8tre au Louvre Abu Dhabi<\/a>.<\/p><p>Elle a d\u00e9clar\u00e9 que s&#039;il \u00e9tait juste que des progr\u00e8s dans la lutte contre les MTN soient c\u00e9l\u00e9br\u00e9s, 1,6 milliard de personnes \u00e9taient toujours &quot;priv\u00e9es de leur sant\u00e9 et de leur potentiel humain&quot; en raison de leur pr\u00e9valence de ces maladies.<\/p><p>&quot;Les \u00c9mirats arabes unis sont fiers d&#039;annoncer la toute premi\u00e8re journ\u00e9e MTN le 30 janvier 2020&quot;, a-t-elle d\u00e9clar\u00e9 dans un discours liminaire.<\/p><p>\u00abCette journ\u00e9e sp\u00e9ciale galvanisera les d\u00e9fenseurs de la communaut\u00e9 des MTN, sensibilisera et appellera notre communaut\u00e9 \u00e0 l&#039;action pour soutenir les pays o\u00f9 les MTN persistent.\u00bb<\/p><p>Les \u00c9mirats arabes unis ont investi des sommes importantes dans les efforts de lutte contre les MTN, et de nouvelles annonces sont attendues.<\/p><p>L&#039;\u00e9v\u00e9nement Atteindre le dernier kilom\u00e8tre couvrira \u00e9galement les efforts visant \u00e0 \u00e9radiquer la polio. L&#039;Afghanistan et le Pakistan sont les seuls pays encore touch\u00e9s par la maladie.<\/p><p>En octobre, il a \u00e9t\u00e9 annonc\u00e9 que le deuxi\u00e8me des trois types de polio avait \u00e9t\u00e9 \u00e9radiqu\u00e9. Les cas ont chut\u00e9 de 99% en 1988.<\/p><p>Tedros Ghebreyesus, directeur g\u00e9n\u00e9ral de l&#039;Organisation mondiale de la sant\u00e9, a d\u00e9clar\u00e9 dans son allocution qu&#039;il attendait avec impatience le jour o\u00f9 la polio se joindrait \u00e0 la variole pour \u00eatre \u00e9limin\u00e9e.<\/p><p>Mais il a mis en garde contre la complaisance, affirmant qu&#039;il \u00e9tait vital que les infrastructures de lutte contre les maladies tr\u00e8s m\u00e9diatis\u00e9es restent en place pour lutter contre des conditions plus courantes.<\/p><p>Dans la lutte contre le paludisme, a-t-il dit, les progr\u00e8s ont \u00abstagn\u00e9\u00bb, les cas augmentant dans certains pays. Il a appel\u00e9 \u00e0 un engagement politique et \u00e0 un financement continus pour \u00abterminer le travail\u00bb dans la lutte contre les maladies \u00e9vitables.<\/p><p>&quot;Les m\u00eames agents de sant\u00e9 qui ont d\u00e9livr\u00e9 le vaccin contre la polio ont aid\u00e9 \u00e0 lutter contre Ebola, le chol\u00e9ra et d&#039;autres \u00e9pid\u00e9mies&quot;, a-t-il d\u00e9clar\u00e9.<\/p><p>\u00abIls ont travaill\u00e9 pour lutter contre la malnutrition, fournir des vaccins contre la rougeole et des moustiquaires contre le paludisme.<\/p><p>\u00abNous pouvons et nous ferons de l&#039;histoire de la polio. Un jour, les enfants n&#039;auront pas besoin d&#039;\u00eatre vaccin\u00e9s contre la polio. Mais nous savons que m\u00eame lorsque la polio est \u00e9radiqu\u00e9e, m\u00eame lorsque le ver de Guin\u00e9e est \u00e9radiqu\u00e9, m\u00eame lorsque le paludisme est \u00e9radiqu\u00e9, les enfants continueront de souffrir d&#039;autres menaces.<\/p><p>\u00abLe ver de Guin\u00e9e et le paludisme sont tous des sympt\u00f4mes d&#039;une maladie plus profonde, c&#039;est pourquoi en fin de compte, notre lutte n&#039;est pas contre une seule maladie. Notre lutte est contre les in\u00e9galit\u00e9s. Notre combat est contre est contre un monde dans lequel les gens tombent malades et meurent simplement parce qu&#039;ils sont pauvres, ou des femmes ou des r\u00e9fugi\u00e9s.<\/p><p>\u00abNotre combat est pour un droit humain fondamental, un droit \u00e0 la sant\u00e9 pour tous, partout.\u00bb<\/p><p>Un court message vid\u00e9o d&#039;Ant\u00f3nio Guterres, Secr\u00e9taire g\u00e9n\u00e9ral des Nations Unies, a \u00e9galement \u00e9t\u00e9 diffus\u00e9 lors de l&#039;\u00e9v\u00e9nement.<\/p>\t\t\t\t\t\t\t\t<\/div>\n\t\t\t\t<\/div>\n\t\t\t\t\t<\/div>\n\t\t<\/div>\n\t\t\t\t\t<\/div>\n\t\t<\/section>\n\t\t\t\t<\/div>","protected":false},"excerpt":{"rendered":"<p>News The first-ever World NTD Day was announced by the Crown Prince Court of Abu Dhabi at the 2019 Reaching [&hellip;]<\/p>","protected":false},"author":1,"featured_media":0,"parent":0,"menu_order":0,"comment_status":"closed","ping_status":"closed","template":"page-templates\/template-pagebuilder-full-width.php","meta":{"site-sidebar-layout":"default","site-content-layout":"","ast-site-content-layout":"default","site-content-style":"default","site-sidebar-style":"default","ast-global-header-display":"","ast-banner-title-visibility":"","ast-main-header-display":"","ast-hfb-above-header-display":"","ast-hfb-below-header-display":"","ast-hfb-mobile-header-display":"","site-post-title":"","ast-breadcrumbs-content":"","ast-featured-img":"","footer-sml-layout":"","ast-disable-related-posts":"","theme-transparent-header-meta":"","adv-header-id-meta":"","stick-header-meta":"","header-above-stick-meta":"","header-main-stick-meta":"","header-below-stick-meta":"","astra-migrate-meta-layouts":"default","ast-page-background-enabled":"default","ast-page-background-meta":{"desktop":{"background-color":"var(--ast-global-color-5)","background-image":"","background-repeat":"repeat","background-position":"center center","background-size":"auto","background-attachment":"scroll","background-type":"","background-media":"","overlay-type":"","overlay-color":"","overlay-opacity":"","overlay-gradient":""},"tablet":{"background-color":"","background-image":"","background-repeat":"repeat","background-position":"center center","background-size":"auto","background-attachment":"scroll","background-type":"","background-media":"","overlay-type":"","overlay-color":"","overlay-opacity":"","overlay-gradient":""},"mobile":{"background-color":"","background-image":"","background-repeat":"repeat","background-position":"center center","background-size":"auto","background-attachment":"scroll","background-type":"","background-media":"","overlay-type":"","overlay-color":"","overlay-opacity":"","overlay-gradient":""}},"ast-content-background-meta":{"desktop":{"background-color":"var(--ast-global-color-4)","background-image":"","background-repeat":"repeat","background-position":"center center","background-size":"auto","background-attachment":"scroll","background-type":"","background-media":"","overlay-type":"","overlay-color":"","overlay-opacity":"","overlay-gradient":""},"tablet":{"background-color":"var(--ast-global-color-4)","background-image":"","background-repeat":"repeat","background-position":"center center","background-size":"auto","background-attachment":"scroll","background-type":"","background-media":"","overlay-type":"","overlay-color":"","overlay-opacity":"","overlay-gradient":""},"mobile":{"background-color":"var(--ast-global-color-4)","background-image":"","background-repeat":"repeat","background-position":"center center","background-size":"auto","background-attachment":"scroll","background-type":"","background-media":"","overlay-type":"","overlay-color":"","overlay-opacity":"","overlay-gradient":""}},"footnotes":""},"class_list":["post-4694","page","type-page","status-publish","hentry"],"yoast_head":"<!-- This site is optimized with the Yoast SEO plugin v26.8 - https:\/\/yoast.com\/product\/yoast-seo-wordpress\/ -->\n<title>News - World NTD Day<\/title>\n<meta name=\"robots\" content=\"index, follow, max-snippet:-1, max-image-preview:large, max-video-preview:-1\" \/>\n<link rel=\"canonical\" href=\"https:\/\/worldntdday.org\/fr\/news\/\" \/>\n<meta property=\"og:locale\" content=\"fr_FR\" \/>\n<meta property=\"og:type\" content=\"article\" \/>\n<meta property=\"og:title\" content=\"News - World NTD Day\" \/>\n<meta property=\"og:description\" content=\"News The first-ever World NTD Day was announced by the Crown Prince Court of Abu Dhabi at the 2019 Reaching [&hellip;]\" \/>\n<meta property=\"og:url\" content=\"https:\/\/worldntdday.org\/fr\/news\/\" \/>\n<meta property=\"og:site_name\" content=\"World NTD Day\" \/>\n<meta property=\"article:modified_time\" content=\"2020-01-03T15:35:24+00:00\" \/>\n<meta property=\"og:image\" content=\"http:\/\/worldntdday.org\/wp-content\/uploads\/2019\/12\/Partner-Logos-Announcement.jpg\" \/>\n<meta name=\"twitter:card\" content=\"summary_large_image\" \/>\n<meta name=\"twitter:label1\" content=\"Est. reading time\" \/>\n\t<meta name=\"twitter:data1\" content=\"3 minutes\" \/>\n<script type=\"application\/ld+json\" class=\"yoast-schema-graph\">{\"@context\":\"https:\/\/schema.org\",\"@graph\":[{\"@type\":\"WebPage\",\"@id\":\"https:\/\/worldntdday.org\/news\/\",\"url\":\"https:\/\/worldntdday.org\/news\/\",\"name\":\"News - World NTD Day\",\"isPartOf\":{\"@id\":\"https:\/\/worldntdday.org\/#website\"},\"primaryImageOfPage\":{\"@id\":\"https:\/\/worldntdday.org\/news\/#primaryimage\"},\"image\":{\"@id\":\"https:\/\/worldntdday.org\/news\/#primaryimage\"},\"thumbnailUrl\":\"http:\/\/worldntdday.org\/wp-content\/uploads\/2019\/12\/Partner-Logos-Announcement.jpg\",\"datePublished\":\"2019-12-12T19:58:56+00:00\",\"dateModified\":\"2020-01-03T15:35:24+00:00\",\"breadcrumb\":{\"@id\":\"https:\/\/worldntdday.org\/news\/#breadcrumb\"},\"inLanguage\":\"fr-FR\",\"potentialAction\":[{\"@type\":\"ReadAction\",\"target\":[\"https:\/\/worldntdday.org\/news\/\"]}]},{\"@type\":\"ImageObject\",\"inLanguage\":\"fr-FR\",\"@id\":\"https:\/\/worldntdday.org\/news\/#primaryimage\",\"url\":\"http:\/\/worldntdday.org\/wp-content\/uploads\/2019\/12\/Partner-Logos-Announcement.jpg\",\"contentUrl\":\"http:\/\/worldntdday.org\/wp-content\/uploads\/2019\/12\/Partner-Logos-Announcement.jpg\"},{\"@type\":\"BreadcrumbList\",\"@id\":\"https:\/\/worldntdday.org\/news\/#breadcrumb\",\"itemListElement\":[{\"@type\":\"ListItem\",\"position\":1,\"name\":\"Home\",\"item\":\"https:\/\/worldntdday.org\/\"},{\"@type\":\"ListItem\",\"position\":2,\"name\":\"News\"}]},{\"@type\":\"WebSite\",\"@id\":\"https:\/\/worldntdday.org\/#website\",\"url\":\"https:\/\/worldntdday.org\/\",\"name\":\"World NTD Day\",\"description\":\"\",\"publisher\":{\"@id\":\"https:\/\/worldntdday.org\/#organization\"},\"potentialAction\":[{\"@type\":\"SearchAction\",\"target\":{\"@type\":\"EntryPoint\",\"urlTemplate\":\"https:\/\/worldntdday.org\/?s={search_term_string}\"},\"query-input\":{\"@type\":\"PropertyValueSpecification\",\"valueRequired\":true,\"valueName\":\"search_term_string\"}}],\"inLanguage\":\"fr-FR\"},{\"@type\":\"Organization\",\"@id\":\"https:\/\/worldntdday.org\/#organization\",\"name\":\"World NTD Day\",\"url\":\"https:\/\/worldntdday.org\/\",\"logo\":{\"@type\":\"ImageObject\",\"inLanguage\":\"fr-FR\",\"@id\":\"https:\/\/worldntdday.org\/#\/schema\/logo\/image\/\",\"url\":\"https:\/\/worldntdday.org\/wp-content\/uploads\/2020\/01\/Website-1200x800-1.jpg\",\"contentUrl\":\"https:\/\/worldntdday.org\/wp-content\/uploads\/2020\/01\/Website-1200x800-1.jpg\",\"width\":1200,\"height\":675,\"caption\":\"World NTD Day\"},\"image\":{\"@id\":\"https:\/\/worldntdday.org\/#\/schema\/logo\/image\/\"}}]}<\/script>\n<!-- \/ Yoast SEO plugin. -->","yoast_head_json":{"title":"News - World NTD Day","robots":{"index":"index","follow":"follow","max-snippet":"max-snippet:-1","max-image-preview":"max-image-preview:large","max-video-preview":"max-video-preview:-1"},"canonical":"https:\/\/worldntdday.org\/fr\/news\/","og_locale":"fr_FR","og_type":"article","og_title":"News - World NTD Day","og_description":"News The first-ever World NTD Day was announced by the Crown Prince Court of Abu Dhabi at the 2019 Reaching [&hellip;]","og_url":"https:\/\/worldntdday.org\/fr\/news\/","og_site_name":"World NTD Day","article_modified_time":"2020-01-03T15:35:24+00:00","og_image":[{"url":"http:\/\/worldntdday.org\/wp-content\/uploads\/2019\/12\/Partner-Logos-Announcement.jpg","type":"","width":"","height":""}],"twitter_card":"summary_large_image","twitter_misc":{"Est. reading time":"3 minutes"},"schema":{"@context":"https:\/\/schema.org","@graph":[{"@type":"WebPage","@id":"https:\/\/worldntdday.org\/news\/","url":"https:\/\/worldntdday.org\/news\/","name":"News - World NTD Day","isPartOf":{"@id":"https:\/\/worldntdday.org\/#website"},"primaryImageOfPage":{"@id":"https:\/\/worldntdday.org\/news\/#primaryimage"},"image":{"@id":"https:\/\/worldntdday.org\/news\/#primaryimage"},"thumbnailUrl":"http:\/\/worldntdday.org\/wp-content\/uploads\/2019\/12\/Partner-Logos-Announcement.jpg","datePublished":"2019-12-12T19:58:56+00:00","dateModified":"2020-01-03T15:35:24+00:00","breadcrumb":{"@id":"https:\/\/worldntdday.org\/news\/#breadcrumb"},"inLanguage":"fr-FR","potentialAction":[{"@type":"ReadAction","target":["https:\/\/worldntdday.org\/news\/"]}]},{"@type":"ImageObject","inLanguage":"fr-FR","@id":"https:\/\/worldntdday.org\/news\/#primaryimage","url":"http:\/\/worldntdday.org\/wp-content\/uploads\/2019\/12\/Partner-Logos-Announcement.jpg","contentUrl":"http:\/\/worldntdday.org\/wp-content\/uploads\/2019\/12\/Partner-Logos-Announcement.jpg"},{"@type":"BreadcrumbList","@id":"https:\/\/worldntdday.org\/news\/#breadcrumb","itemListElement":[{"@type":"ListItem","position":1,"name":"Home","item":"https:\/\/worldntdday.org\/"},{"@type":"ListItem","position":2,"name":"News"}]},{"@type":"WebSite","@id":"https:\/\/worldntdday.org\/#website","url":"https:\/\/worldntdday.org\/","name":"La Journ\u00e9e mondiale des maladies tropicales n\u00e9glig\u00e9es","description":"","publisher":{"@id":"https:\/\/worldntdday.org\/#organization"},"potentialAction":[{"@type":"SearchAction","target":{"@type":"EntryPoint","urlTemplate":"https:\/\/worldntdday.org\/?s={search_term_string}"},"query-input":{"@type":"PropertyValueSpecification","valueRequired":true,"valueName":"search_term_string"}}],"inLanguage":"fr-FR"},{"@type":"Organization","@id":"https:\/\/worldntdday.org\/#organization","name":"La Journ\u00e9e mondiale des maladies tropicales n\u00e9glig\u00e9es","url":"https:\/\/worldntdday.org\/","logo":{"@type":"ImageObject","inLanguage":"fr-FR","@id":"https:\/\/worldntdday.org\/#\/schema\/logo\/image\/","url":"https:\/\/worldntdday.org\/wp-content\/uploads\/2020\/01\/Website-1200x800-1.jpg","contentUrl":"https:\/\/worldntdday.org\/wp-content\/uploads\/2020\/01\/Website-1200x800-1.jpg","width":1200,"height":675,"caption":"World NTD Day"},"image":{"@id":"https:\/\/worldntdday.org\/#\/schema\/logo\/image\/"}}]}},"_links":{"self":[{"href":"https:\/\/worldntdday.org\/fr\/wp-json\/wp\/v2\/pages\/4694","targetHints":{"allow":["GET"]}}],"collection":[{"href":"https:\/\/worldntdday.org\/fr\/wp-json\/wp\/v2\/pages"}],"about":[{"href":"https:\/\/worldntdday.org\/fr\/wp-json\/wp\/v2\/types\/page"}],"author":[{"embeddable":true,"href":"https:\/\/worldntdday.org\/fr\/wp-json\/wp\/v2\/users\/1"}],"replies":[{"embeddable":true,"href":"https:\/\/worldntdday.org\/fr\/wp-json\/wp\/v2\/comments?post=4694"}],"version-history":[{"count":0,"href":"https:\/\/worldntdday.org\/fr\/wp-json\/wp\/v2\/pages\/4694\/revisions"}],"wp:attachment":[{"href":"https:\/\/worldntdday.org\/fr\/wp-json\/wp\/v2\/media?parent=4694"}],"curies":[{"name":"wp","href":"https:\/\/api.w.org\/{rel}","templated":true}]}}